{"id":1937,"date":"2023-05-16T17:03:07","date_gmt":"2023-05-16T15:03:07","guid":{"rendered":"https:\/\/azline.co\/contatti\/"},"modified":"2023-08-04T09:09:30","modified_gmt":"2023-08-04T07:09:30","slug":"contact","status":"publish","type":"page","link":"https:\/\/azline.co\/fr\/contact\/","title":{"rendered":"Contact"},"content":{"rendered":"\t\t<div data-elementor-type=\"wp-page\" data-elementor-id=\"1937\" class=\"elementor elementor-1937 elementor-313\">\n\t\t\t\t\t\t\t\t\t<section class=\"elementor-section elementor-top-section elementor-element elementor-element-88e1711 elementor-section-full_width elementor-section-height-default elementor-section-height-default\" data-id=\"88e1711\" data-element_type=\"section\">\n\t\t\t\t\t\t<div class=\"elementor-container elementor-column-gap-default\">\n\t\t\t\t\t<div class=\"elementor-column elementor-col-100 elementor-top-column elementor-element elementor-element-b91fd34\" data-id=\"b91fd34\" data-element_type=\"column\">\n\t\t\t<div class=\"elementor-widget-wrap elementor-element-populated\">\n\t\t\t\t\t\t\t\t<div class=\"elementor-element elementor-element-2f2c3e5 elementor-widget elementor-widget-spacer\" data-id=\"2f2c3e5\" data-element_type=\"widget\" data-widget_type=\"spacer.default\">\n\t\t\t\t<div class=\"elementor-widget-container\">\n\t\t\t<style>\/*! elementor - v3.14.0 - 26-06-2023 *\/\n.elementor-column .elementor-spacer-inner{height:var(--spacer-size)}.e-con{--container-widget-width:100%}.e-con-inner>.elementor-widget-spacer,.e-con>.elementor-widget-spacer{width:var(--container-widget-width,var(--spacer-size));--align-self:var(--container-widget-align-self,initial);--flex-shrink:0}.e-con-inner>.elementor-widget-spacer>.elementor-widget-container,.e-con-inner>.elementor-widget-spacer>.elementor-widget-container>.elementor-spacer,.e-con>.elementor-widget-spacer>.elementor-widget-container,.e-con>.elementor-widget-spacer>.elementor-widget-container>.elementor-spacer{height:100%}.e-con-inner>.elementor-widget-spacer>.elementor-widget-container>.elementor-spacer>.elementor-spacer-inner,.e-con>.elementor-widget-spacer>.elementor-widget-container>.elementor-spacer>.elementor-spacer-inner{height:var(--container-widget-height,var(--spacer-size))}<\/style>\t\t<div class=\"elementor-spacer\">\n\t\t\t<div class=\"elementor-spacer-inner\"><\/div>\n\t\t<\/div>\n\t\t\t\t<\/div>\n\t\t\t\t<\/div>\n\t\t\t\t<div class=\"elementor-element elementor-element-7accd68 elementor-widget elementor-widget-text-editor\" data-id=\"7accd68\" data-element_type=\"widget\" data-widget_type=\"text-editor.default\">\n\t\t\t\t<div class=\"elementor-widget-container\">\n\t\t\t<style>\/*! elementor - v3.14.0 - 26-06-2023 *\/\n.elementor-widget-text-editor.elementor-drop-cap-view-stacked .elementor-drop-cap{background-color:#69727d;color:#fff}.elementor-widget-text-editor.elementor-drop-cap-view-framed .elementor-drop-cap{color:#69727d;border:3px solid;background-color:transparent}.elementor-widget-text-editor:not(.elementor-drop-cap-view-default) .elementor-drop-cap{margin-top:8px}.elementor-widget-text-editor:not(.elementor-drop-cap-view-default) .elementor-drop-cap-letter{width:1em;height:1em}.elementor-widget-text-editor .elementor-drop-cap{float:left;text-align:center;line-height:1;font-size:50px}.elementor-widget-text-editor .elementor-drop-cap-letter{display:inline-block}<\/style>\t\t\t\t<p>Bienvenue au service cliente\u0300le d&#8217;AZLINE. Veuillez utiliser cette section pour nous transmettre vos demandes de renseignements et d&#8217;assistance.<\/p>\t\t\t\t\t\t<\/div>\n\t\t\t\t<\/div>\n\t\t\t\t\t<\/div>\n\t\t<\/div>\n\t\t\t\t\t\t\t<\/div>\n\t\t<\/section>\n\t\t\t\t<section class=\"elementor-section elementor-top-section elementor-element elementor-element-65d08aa elementor-section-boxed elementor-section-height-default elementor-section-height-default\" data-id=\"65d08aa\" data-element_type=\"section\">\n\t\t\t\t\t\t<div class=\"elementor-container elementor-column-gap-default\">\n\t\t\t\t\t<div class=\"elementor-column elementor-col-100 elementor-top-column elementor-element elementor-element-7603dd9\" data-id=\"7603dd9\" data-element_type=\"column\">\n\t\t\t<div class=\"elementor-widget-wrap elementor-element-populated\">\n\t\t\t\t\t\t\t\t<div class=\"elementor-element elementor-element-87dda52 elementor-widget elementor-widget-spacer\" data-id=\"87dda52\" data-element_type=\"widget\" data-widget_type=\"spacer.default\">\n\t\t\t\t<div class=\"elementor-widget-container\">\n\t\t\t\t\t<div class=\"elementor-spacer\">\n\t\t\t<div class=\"elementor-spacer-inner\"><\/div>\n\t\t<\/div>\n\t\t\t\t<\/div>\n\t\t\t\t<\/div>\n\t\t\t\t\t<\/div>\n\t\t<\/div>\n\t\t\t\t\t\t\t<\/div>\n\t\t<\/section>\n\t\t\t\t<section class=\"elementor-section elementor-top-section elementor-element elementor-element-cb9ab52 elementor-section-full_width elementor-section-height-default elementor-section-height-default\" data-id=\"cb9ab52\" data-element_type=\"section\">\n\t\t\t\t\t\t<div class=\"elementor-container elementor-column-gap-default\">\n\t\t\t\t\t<div class=\"elementor-column elementor-col-100 elementor-top-column elementor-element elementor-element-5e7f6e9\" data-id=\"5e7f6e9\" data-element_type=\"column\">\n\t\t\t<div class=\"elementor-widget-wrap elementor-element-populated\">\n\t\t\t\t\t\t\t\t<div class=\"elementor-element elementor-element-a26ca3c elementor-widget elementor-widget-shortcode\" data-id=\"a26ca3c\" data-element_type=\"widget\" data-widget_type=\"shortcode.default\">\n\t\t\t\t<div class=\"elementor-widget-container\">\n\t\t\t\t\t<div class=\"elementor-shortcode\">\n<div class=\"wpcf7 no-js\" id=\"wpcf7-f1968-o1\" lang=\"it-IT\" dir=\"ltr\">\n<div class=\"screen-reader-response\"><p role=\"status\" aria-live=\"polite\" aria-atomic=\"true\"><\/p> <ul><\/ul><\/div>\n<form action=\"\/fr\/wp-json\/wp\/v2\/pages\/1937#wpcf7-f1968-o1\" method=\"post\" class=\"wpcf7-form init\" aria-label=\"Modulo di contatto\" novalidate=\"novalidate\" data-status=\"init\">\n<div style=\"display: none;\">\n<input type=\"hidden\" name=\"_wpcf7\" value=\"1968\" \/>\n<input type=\"hidden\" name=\"_wpcf7_version\" value=\"5.7.7\" \/>\n<input type=\"hidden\" name=\"_wpcf7_locale\" value=\"it_IT\" \/>\n<input type=\"hidden\" name=\"_wpcf7_unit_tag\" value=\"wpcf7-f1968-o1\" \/>\n<input type=\"hidden\" name=\"_wpcf7_container_post\" value=\"0\" \/>\n<input type=\"hidden\" name=\"_wpcf7_posted_data_hash\" value=\"\" \/>\n<input type=\"hidden\" name=\"_wpcf7_recaptcha_response\" value=\"\" \/>\n<\/div>\n<div class=\"form-due-col\">\n\t<div class=\"col-50\">\n\t\t<p><span class=\"wpcf7-form-control-wrap\" data-name=\"your-name\"><input size=\"40\" class=\"wpcf7-form-control wpcf7-text wpcf7-validates-as-required\" aria-required=\"true\" aria-invalid=\"false\" placeholder=\"Nom*\" value=\"\" type=\"text\" name=\"your-name\" \/><\/span>\n\t\t<\/p>\n\t<\/div>\n\t<div class=\"col-50\">\n\t\t<p><span class=\"wpcf7-form-control-wrap\" data-name=\"your-surname\"><input size=\"40\" class=\"wpcf7-form-control wpcf7-text wpcf7-validates-as-required\" aria-required=\"true\" aria-invalid=\"false\" placeholder=\"Nom de famille*\" value=\"\" type=\"text\" name=\"your-surname\" \/><\/span>\n\t\t<\/p>\n\t<\/div>\n\t<div class=\"col-50\">\n\t\t<p><span class=\"wpcf7-form-control-wrap\" data-name=\"your-country\"><input size=\"40\" class=\"wpcf7-form-control wpcf7-text wpcf7-validates-as-required\" aria-required=\"true\" aria-invalid=\"false\" placeholder=\"Poids*\" value=\"\" type=\"text\" name=\"your-country\" \/><\/span>\n\t\t<\/p>\n\t<\/div>\n\t<div class=\"col-50\">\n\t\t<p><span class=\"wpcf7-form-control-wrap\" data-name=\"your-city\"><input size=\"40\" class=\"wpcf7-form-control wpcf7-text wpcf7-validates-as-required\" aria-required=\"true\" aria-invalid=\"false\" placeholder=\"Ville*\" value=\"\" type=\"text\" name=\"your-city\" \/><\/span>\n\t\t<\/p>\n\t<\/div>\n\t<div class=\"col-50\">\n\t\t<p><span class=\"wpcf7-form-control-wrap\" data-name=\"your-phone\"><input size=\"40\" class=\"wpcf7-form-control wpcf7-text wpcf7-validates-as-required\" aria-required=\"true\" aria-invalid=\"false\" placeholder=\"T\u00e9l\u00e9phone*\" value=\"\" type=\"text\" name=\"your-phone\" \/><\/span>\n\t\t<\/p>\n\t<\/div>\n\t<div class=\"col-50\">\n\t\t<p><span class=\"wpcf7-form-control-wrap\" data-name=\"your-email\"><input size=\"40\" class=\"wpcf7-form-control wpcf7-text wpcf7-email wpcf7-validates-as-required wpcf7-validates-as-email\" aria-required=\"true\" aria-invalid=\"false\" placeholder=\"E-mail*\" value=\"\" type=\"email\" name=\"your-email\" \/><\/span>\n\t\t<\/p>\n\t<\/div>\n<\/div>\n<p class=\"form-message\"><span class=\"wpcf7-form-control-wrap\" data-name=\"your-message\"><textarea cols=\"40\" rows=\"10\" class=\"wpcf7-form-control wpcf7-textarea\" aria-invalid=\"false\" placeholder=\"Message\" name=\"your-message\"><\/textarea><\/span>\n<\/p>\n<p>Conform\u00e9ment \u00e0 la l\u00e9gislation sur la protection de la vie priv\u00e9e, vos donn\u00e9es personnelles seront trait\u00e9es par AZLINE en conformit\u00e9 avec notre politique de protection des donn\u00e9es. Vous pouvez \u00e0 tout moment exercer vos droits ou r\u00e9voquer le consentement que vous avez donn\u00e9.\n<\/p>\n<p>J'ai lu la <a href=\"\/fr\/politique-de-confidentialite\/\">politique de confidentialit\u00e9<\/a> de l'AZLINE.\n<\/p>\n<p class=\"form-message\"><span class=\"wpcf7-form-control-wrap\" data-name=\"checkbox-72\"><span class=\"wpcf7-form-control wpcf7-checkbox\"><span class=\"wpcf7-list-item first\"><label><input type=\"checkbox\" name=\"checkbox-72[]\" value=\"J&#039;accepte les activit\u00e9s de marketing de l&#039;AZLINE\" \/><span class=\"wpcf7-list-item-label\">J&#039;accepte les activit\u00e9s de marketing de l&#039;AZLINE<\/span><\/label><\/span><span class=\"wpcf7-list-item last\"><label><input type=\"checkbox\" name=\"checkbox-72[]\" value=\"Je consens aux activit\u00e9s de profilage\" \/><span class=\"wpcf7-list-item-label\">Je consens aux activit\u00e9s de profilage<\/span><\/label><\/span><\/span><\/span>\n<\/p>\n<p><!-- Mailchimp for WordPress v4.9.6 - https:\/\/www.mc4wp.com\/ --><input type=\"hidden\" name=\"_mc4wp_subscribe_contact-form-7\" value=\"0\" \/><span class=\"mc4wp-checkbox mc4wp-checkbox-contact-form-7 \" ><label><input type=\"checkbox\" name=\"_mc4wp_subscribe_contact-form-7\" value=\"1\"  \/><span> Je souhaite m'abonner \u00e0 la newsletter<\/span><\/label><\/span><!-- \/ Mailchimp for WordPress -->\n<\/p>\n<p class=\"form-message\" style=\"margin-top: 40px;\"><input class=\"wpcf7-form-control has-spinner wpcf7-submit\" type=\"submit\" value=\"ENVOYER LA DEMANDE\" \/>\n<\/p><div class=\"wpcf7-response-output\" aria-hidden=\"true\"><\/div>\n<\/form>\n<\/div>\n<\/div>\n\t\t\t\t<\/div>\n\t\t\t\t<\/div>\n\t\t\t\t\t<\/div>\n\t\t<\/div>\n\t\t\t\t\t\t\t<\/div>\n\t\t<\/section>\n\t\t\t\t<section class=\"elementor-section elementor-top-section elementor-element elementor-element-74849cf elementor-section-boxed elementor-section-height-default elementor-section-height-default\" data-id=\"74849cf\" data-element_type=\"section\">\n\t\t\t\t\t\t<div class=\"elementor-container elementor-column-gap-default\">\n\t\t\t\t\t<div class=\"elementor-column elementor-col-100 elementor-top-column elementor-element elementor-element-eee43bf\" data-id=\"eee43bf\" data-element_type=\"column\">\n\t\t\t<div class=\"elementor-widget-wrap elementor-element-populated\">\n\t\t\t\t\t\t\t\t<div class=\"elementor-element elementor-element-a594307 elementor-widget elementor-widget-spacer\" data-id=\"a594307\" data-element_type=\"widget\" data-widget_type=\"spacer.default\">\n\t\t\t\t<div class=\"elementor-widget-container\">\n\t\t\t\t\t<div class=\"elementor-spacer\">\n\t\t\t<div class=\"elementor-spacer-inner\"><\/div>\n\t\t<\/div>\n\t\t\t\t<\/div>\n\t\t\t\t<\/div>\n\t\t\t\t\t<\/div>\n\t\t<\/div>\n\t\t\t\t\t\t\t<\/div>\n\t\t<\/section>\n\t\t\t\t<section class=\"elementor-section elementor-top-section elementor-element elementor-element-f736d30 elementor-section-full_width elementor-section-height-default elementor-section-height-default\" data-id=\"f736d30\" data-element_type=\"section\">\n\t\t\t\t\t\t<div class=\"elementor-container elementor-column-gap-default\">\n\t\t\t\t\t<div class=\"elementor-column elementor-col-100 elementor-top-column elementor-element elementor-element-ce06637\" data-id=\"ce06637\" data-element_type=\"column\">\n\t\t\t<div class=\"elementor-widget-wrap elementor-element-populated\">\n\t\t\t\t\t\t\t\t<div class=\"elementor-element elementor-element-3cc2f1e elementor-widget elementor-widget-text-editor\" data-id=\"3cc2f1e\" data-element_type=\"widget\" data-widget_type=\"text-editor.default\">\n\t\t\t\t<div class=\"elementor-widget-container\">\n\t\t\t\t\t\t\t<h4>Contact<\/h4>\t\t\t\t\t\t<\/div>\n\t\t\t\t<\/div>\n\t\t\t\t<div class=\"elementor-element elementor-element-8bcdc0a elementor-widget elementor-widget-spacer\" data-id=\"8bcdc0a\" data-element_type=\"widget\" data-widget_type=\"spacer.default\">\n\t\t\t\t<div class=\"elementor-widget-container\">\n\t\t\t\t\t<div class=\"elementor-spacer\">\n\t\t\t<div class=\"elementor-spacer-inner\"><\/div>\n\t\t<\/div>\n\t\t\t\t<\/div>\n\t\t\t\t<\/div>\n\t\t\t\t<div class=\"elementor-element elementor-element-5764d3f elementor-widget elementor-widget-text-editor\" data-id=\"5764d3f\" data-element_type=\"widget\" data-widget_type=\"text-editor.default\">\n\t\t\t\t<div class=\"elementor-widget-container\">\n\t\t\t\t\t\t\t<p>Via alla Ferrovia 33, 33080 Porcia PN<\/p><p>T +39 3468520169<br \/><a href=\"mailto:info@azline.co\">info@azline.co<\/a><br \/>Lundi &#8211; Vendredi<br \/>9.00am &#8211; 6.00pm, CET<\/p>\t\t\t\t\t\t<\/div>\n\t\t\t\t<\/div>\n\t\t\t\t\t<\/div>\n\t\t<\/div>\n\t\t\t\t\t\t\t<\/div>\n\t\t<\/section>\n\t\t\t\t<section class=\"elementor-section elementor-top-section elementor-element elementor-element-c77e226 elementor-section-boxed elementor-section-height-default elementor-section-height-default\" data-id=\"c77e226\" data-element_type=\"section\">\n\t\t\t\t\t\t<div class=\"elementor-container elementor-column-gap-default\">\n\t\t\t\t\t<div class=\"elementor-column elementor-col-100 elementor-top-column elementor-element elementor-element-8e64dec\" data-id=\"8e64dec\" data-element_type=\"column\">\n\t\t\t<div class=\"elementor-widget-wrap elementor-element-populated\">\n\t\t\t\t\t\t\t\t<div class=\"elementor-element elementor-element-589bfa2 elementor-widget elementor-widget-spacer\" data-id=\"589bfa2\" data-element_type=\"widget\" data-widget_type=\"spacer.default\">\n\t\t\t\t<div class=\"elementor-widget-container\">\n\t\t\t\t\t<div class=\"elementor-spacer\">\n\t\t\t<div class=\"elementor-spacer-inner\"><\/div>\n\t\t<\/div>\n\t\t\t\t<\/div>\n\t\t\t\t<\/div>\n\t\t\t\t\t<\/div>\n\t\t<\/div>\n\t\t\t\t\t\t\t<\/div>\n\t\t<\/section>\n\t\t\t\t\t\t\t<\/div>\n\t\t","protected":false},"excerpt":{"rendered":"<p>Bienvenue au service cliente\u0300le d&#8217;AZLINE. Veuillez utiliser cette section pour nous transmettre vos demandes de renseignements et d&#8217;assistance. Contact Via alla Ferrovia 33, 33080 Porcia PN T +39 3468520169info@azline.coLundi &#8211; Vendredi9.00am &#8211; 6.00pm, CET<\/p>\n","protected":false},"author":3,"featured_media":0,"parent":0,"menu_order":50,"comment_status":"closed","ping_status":"closed","template":"","meta":{"footnotes":""},"class_list":["post-1937","page","type-page","status-publish","hentry"],"acf":[],"yoast_head":"<!-- This site is optimized with the Yoast SEO plugin v20.12 - https:\/\/yoast.com\/wordpress\/plugins\/seo\/ -->\n<title>Contact - AZLINE<\/title>\n<meta name=\"robots\" content=\"index, follow, max-snippet:-1, max-image-preview:large, max-video-preview:-1\" \/>\n<link rel=\"canonical\" href=\"https:\/\/azline.co\/fr\/contact\/\" \/>\n<meta property=\"og:locale\" content=\"fr_FR\" \/>\n<meta property=\"og:type\" content=\"article\" \/>\n<meta property=\"og:title\" content=\"Contact - AZLINE\" \/>\n<meta property=\"og:description\" content=\"Bienvenue au service cliente\u0300le d&#8217;AZLINE. Veuillez utiliser cette section pour nous transmettre vos demandes de renseignements et d&#8217;assistance. Contact Via alla Ferrovia 33, 33080 Porcia PN T +39 3468520169info@azline.coLundi &#8211; Vendredi9.00am &#8211; 6.00pm, CET\" \/>\n<meta property=\"og:url\" content=\"https:\/\/azline.co\/fr\/contact\/\" \/>\n<meta property=\"og:site_name\" content=\"AZLINE\" \/>\n<meta property=\"article:modified_time\" content=\"2023-08-04T07:09:30+00:00\" \/>\n<meta property=\"og:image\" content=\"https:\/\/azline.co\/wp-content\/uploads\/2023\/05\/azline.png\" \/>\n\t<meta property=\"og:image:width\" content=\"500\" \/>\n\t<meta property=\"og:image:height\" content=\"500\" \/>\n\t<meta property=\"og:image:type\" content=\"image\/png\" \/>\n<meta name=\"twitter:card\" content=\"summary_large_image\" \/>\n<meta name=\"twitter:label1\" content=\"Dur\u00e9e de lecture estim\u00e9e\" \/>\n\t<meta name=\"twitter:data1\" content=\"1 minute\" \/>\n<script type=\"application\/ld+json\" class=\"yoast-schema-graph\">{\"@context\":\"https:\/\/schema.org\",\"@graph\":[{\"@type\":\"WebPage\",\"@id\":\"https:\/\/azline.co\/fr\/contact\/\",\"url\":\"https:\/\/azline.co\/fr\/contact\/\",\"name\":\"Contact - AZLINE\",\"isPartOf\":{\"@id\":\"https:\/\/azline.co\/it\/#website\"},\"datePublished\":\"2023-05-16T15:03:07+00:00\",\"dateModified\":\"2023-08-04T07:09:30+00:00\",\"breadcrumb\":{\"@id\":\"https:\/\/azline.co\/fr\/contact\/#breadcrumb\"},\"inLanguage\":\"fr-FR\",\"potentialAction\":[{\"@type\":\"ReadAction\",\"target\":[\"https:\/\/azline.co\/fr\/contact\/\"]}]},{\"@type\":\"BreadcrumbList\",\"@id\":\"https:\/\/azline.co\/fr\/contact\/#breadcrumb\",\"itemListElement\":[{\"@type\":\"ListItem\",\"position\":1,\"name\":\"Home\",\"item\":\"https:\/\/azline.co\/it\/\"},{\"@type\":\"ListItem\",\"position\":2,\"name\":\"Contact\"}]},{\"@type\":\"WebSite\",\"@id\":\"https:\/\/azline.co\/it\/#website\",\"url\":\"https:\/\/azline.co\/it\/\",\"name\":\"AZ Line\",\"description\":\"\",\"publisher\":{\"@id\":\"https:\/\/azline.co\/it\/#organization\"},\"potentialAction\":[{\"@type\":\"SearchAction\",\"target\":{\"@type\":\"EntryPoint\",\"urlTemplate\":\"https:\/\/azline.co\/it\/?s={search_term_string}\"},\"query-input\":\"required name=search_term_string\"}],\"inLanguage\":\"fr-FR\"},{\"@type\":\"Organization\",\"@id\":\"https:\/\/azline.co\/it\/#organization\",\"name\":\"AZ Line\",\"url\":\"https:\/\/azline.co\/it\/\",\"logo\":{\"@type\":\"ImageObject\",\"inLanguage\":\"fr-FR\",\"@id\":\"https:\/\/azline.co\/it\/#\/schema\/logo\/image\/\",\"url\":\"https:\/\/azline.co\/wp-content\/uploads\/2023\/05\/azline.png\",\"contentUrl\":\"https:\/\/azline.co\/wp-content\/uploads\/2023\/05\/azline.png\",\"width\":500,\"height\":500,\"caption\":\"AZ Line\"},\"image\":{\"@id\":\"https:\/\/azline.co\/it\/#\/schema\/logo\/image\/\"}}]}<\/script>\n<!-- \/ Yoast SEO plugin. -->","yoast_head_json":{"title":"Contact - AZLINE","robots":{"index":"index","follow":"follow","max-snippet":"max-snippet:-1","max-image-preview":"max-image-preview:large","max-video-preview":"max-video-preview:-1"},"canonical":"https:\/\/azline.co\/fr\/contact\/","og_locale":"fr_FR","og_type":"article","og_title":"Contact - AZLINE","og_description":"Bienvenue au service cliente\u0300le d&#8217;AZLINE. Veuillez utiliser cette section pour nous transmettre vos demandes de renseignements et d&#8217;assistance. Contact Via alla Ferrovia 33, 33080 Porcia PN T +39 3468520169info@azline.coLundi &#8211; Vendredi9.00am &#8211; 6.00pm, CET","og_url":"https:\/\/azline.co\/fr\/contact\/","og_site_name":"AZLINE","article_modified_time":"2023-08-04T07:09:30+00:00","og_image":[{"width":500,"height":500,"url":"https:\/\/azline.co\/wp-content\/uploads\/2023\/05\/azline.png","type":"image\/png"}],"twitter_card":"summary_large_image","twitter_misc":{"Dur\u00e9e de lecture estim\u00e9e":"1 minute"},"schema":{"@context":"https:\/\/schema.org","@graph":[{"@type":"WebPage","@id":"https:\/\/azline.co\/fr\/contact\/","url":"https:\/\/azline.co\/fr\/contact\/","name":"Contact - AZLINE","isPartOf":{"@id":"https:\/\/azline.co\/it\/#website"},"datePublished":"2023-05-16T15:03:07+00:00","dateModified":"2023-08-04T07:09:30+00:00","breadcrumb":{"@id":"https:\/\/azline.co\/fr\/contact\/#breadcrumb"},"inLanguage":"fr-FR","potentialAction":[{"@type":"ReadAction","target":["https:\/\/azline.co\/fr\/contact\/"]}]},{"@type":"BreadcrumbList","@id":"https:\/\/azline.co\/fr\/contact\/#breadcrumb","itemListElement":[{"@type":"ListItem","position":1,"name":"Home","item":"https:\/\/azline.co\/it\/"},{"@type":"ListItem","position":2,"name":"Contact"}]},{"@type":"WebSite","@id":"https:\/\/azline.co\/it\/#website","url":"https:\/\/azline.co\/it\/","name":"AZ Line","description":"","publisher":{"@id":"https:\/\/azline.co\/it\/#organization"},"potentialAction":[{"@type":"SearchAction","target":{"@type":"EntryPoint","urlTemplate":"https:\/\/azline.co\/it\/?s={search_term_string}"},"query-input":"required name=search_term_string"}],"inLanguage":"fr-FR"},{"@type":"Organization","@id":"https:\/\/azline.co\/it\/#organization","name":"AZ Line","url":"https:\/\/azline.co\/it\/","logo":{"@type":"ImageObject","inLanguage":"fr-FR","@id":"https:\/\/azline.co\/it\/#\/schema\/logo\/image\/","url":"https:\/\/azline.co\/wp-content\/uploads\/2023\/05\/azline.png","contentUrl":"https:\/\/azline.co\/wp-content\/uploads\/2023\/05\/azline.png","width":500,"height":500,"caption":"AZ Line"},"image":{"@id":"https:\/\/azline.co\/it\/#\/schema\/logo\/image\/"}}]}},"_links":{"self":[{"href":"https:\/\/azline.co\/fr\/wp-json\/wp\/v2\/pages\/1937","targetHints":{"allow":["GET"]}}],"collection":[{"href":"https:\/\/azline.co\/fr\/wp-json\/wp\/v2\/pages"}],"about":[{"href":"https:\/\/azline.co\/fr\/wp-json\/wp\/v2\/types\/page"}],"author":[{"embeddable":true,"href":"https:\/\/azline.co\/fr\/wp-json\/wp\/v2\/users\/3"}],"replies":[{"embeddable":true,"href":"https:\/\/azline.co\/fr\/wp-json\/wp\/v2\/comments?post=1937"}],"version-history":[{"count":22,"href":"https:\/\/azline.co\/fr\/wp-json\/wp\/v2\/pages\/1937\/revisions"}],"predecessor-version":[{"id":2347,"href":"https:\/\/azline.co\/fr\/wp-json\/wp\/v2\/pages\/1937\/revisions\/2347"}],"wp:attachment":[{"href":"https:\/\/azline.co\/fr\/wp-json\/wp\/v2\/media?parent=1937"}],"curies":[{"name":"wp","href":"https:\/\/api.w.org\/{rel}","templated":true}]}}