{"id":1607,"date":"2023-04-25T21:00:32","date_gmt":"2023-04-25T19:00:32","guid":{"rendered":"https:\/\/azline.co\/prodotto\/canape-dexterieur-mathieu\/"},"modified":"2023-07-03T12:02:45","modified_gmt":"2023-07-03T10:02:45","slug":"mathieu","status":"publish","type":"product","link":"https:\/\/azline.co\/fr\/produit\/mathieu\/","title":{"rendered":"Canap\u00e9 d&#8217;ext\u00e9rieur Mathieu"},"content":{"rendered":"<p>Mathieu refl\u00e8te les canons stylistiques de la collection et, avec le fauteuil Laurence, compl\u00e8te lensemble &#8216;\u00e9l\u00e9gant et innovant de si\u00e8ges d&#8217;ext\u00e9rieur.<br \/>\nLa lin\u00e9arit\u00e9 et l&#8217;harmonie des formes, elles sont les pierres angulaires de l&#8217;\u00e9l\u00e9gance naturelle du canap\u00e9.<br \/>\nDes coussins d&#8217;ext\u00e9rieur confortables, avec des finitions soigneusement choisies, de mani\u00e8re \u00e0 rehausser l&#8217;aspect g\u00e9n\u00e9ral, soulignent un sens de la fonctionnalit\u00e9 et de l&#8217;hospitalit\u00e9.<\/p>\n","protected":false},"excerpt":{"rendered":"<p>&#8211; Made in Italy<br \/>\n&#8211; Exp\u00e9di\u00e9 dans les 7-8 semaines suivantes la r\u00e9ception de la commande<\/p>\n","protected":false},"featured_media":1126,"template":"","meta":[],"product_cat":[197,195],"product_tag":[178],"class_list":["post-1607","product","type-product","status-publish","has-post-thumbnail","hentry","product_cat-canape-exterieur","product_cat-externe","product_tag-canape-exterieur","product_shipping_class-divani-outdoor"],"acf":[],"yoast_head":"<!-- This site is optimized with the Yoast SEO plugin v20.12 - https:\/\/yoast.com\/wordpress\/plugins\/seo\/ -->\n<title>Canap\u00e9 d&#039;ext\u00e9rieur Mathieu - AZLINE<\/title>\n<meta name=\"robots\" content=\"index, follow, max-snippet:-1, max-image-preview:large, max-video-preview:-1\" \/>\n<link rel=\"canonical\" href=\"https:\/\/azline.co\/fr\/produit\/mathieu\/\" \/>\n<meta property=\"og:locale\" content=\"fr_FR\" \/>\n<meta property=\"og:type\" content=\"article\" \/>\n<meta property=\"og:title\" content=\"Canap\u00e9 d&#039;ext\u00e9rieur Mathieu - AZLINE\" \/>\n<meta property=\"og:description\" content=\"- Made in Italy - Exp\u00e9di\u00e9 dans les 7-8 semaines suivantes la r\u00e9ception de la commande\" \/>\n<meta property=\"og:url\" content=\"https:\/\/azline.co\/fr\/produit\/mathieu\/\" \/>\n<meta property=\"og:site_name\" content=\"AZLINE\" \/>\n<meta property=\"article:modified_time\" content=\"2023-07-03T10:02:45+00:00\" \/>\n<meta property=\"og:image\" content=\"https:\/\/azline.co\/wp-content\/uploads\/2023\/04\/mathieu-1-amaral-MDO1.jpg\" \/>\n\t<meta property=\"og:image:width\" content=\"1500\" \/>\n\t<meta property=\"og:image:height\" content=\"1858\" \/>\n\t<meta property=\"og:image:type\" content=\"image\/jpeg\" \/>\n<meta name=\"twitter:card\" content=\"summary_large_image\" \/>\n<meta name=\"twitter:label1\" content=\"Dur\u00e9e de lecture estim\u00e9e\" \/>\n\t<meta name=\"twitter:data1\" content=\"1 minute\" \/>\n<script type=\"application\/ld+json\" class=\"yoast-schema-graph\">{\"@context\":\"https:\/\/schema.org\",\"@graph\":[{\"@type\":\"WebPage\",\"@id\":\"https:\/\/azline.co\/fr\/produit\/mathieu\/\",\"url\":\"https:\/\/azline.co\/fr\/produit\/mathieu\/\",\"name\":\"Canap\u00e9 d'ext\u00e9rieur Mathieu - AZLINE\",\"isPartOf\":{\"@id\":\"https:\/\/azline.co\/it\/#website\"},\"datePublished\":\"2023-04-25T19:00:32+00:00\",\"dateModified\":\"2023-07-03T10:02:45+00:00\",\"breadcrumb\":{\"@id\":\"https:\/\/azline.co\/fr\/produit\/mathieu\/#breadcrumb\"},\"inLanguage\":\"fr-FR\",\"potentialAction\":[{\"@type\":\"ReadAction\",\"target\":[\"https:\/\/azline.co\/fr\/produit\/mathieu\/\"]}]},{\"@type\":\"BreadcrumbList\",\"@id\":\"https:\/\/azline.co\/fr\/produit\/mathieu\/#breadcrumb\",\"itemListElement\":[{\"@type\":\"ListItem\",\"position\":1,\"name\":\"Home\",\"item\":\"https:\/\/azline.co\/it\/\"},{\"@type\":\"ListItem\",\"position\":2,\"name\":\"Shop\",\"item\":\"https:\/\/azline.co\/it\/negozio\/\"},{\"@type\":\"ListItem\",\"position\":3,\"name\":\"Canap\u00e9 d&#8217;ext\u00e9rieur Mathieu\"}]},{\"@type\":\"WebSite\",\"@id\":\"https:\/\/azline.co\/it\/#website\",\"url\":\"https:\/\/azline.co\/it\/\",\"name\":\"AZ Line\",\"description\":\"\",\"publisher\":{\"@id\":\"https:\/\/azline.co\/it\/#organization\"},\"potentialAction\":[{\"@type\":\"SearchAction\",\"target\":{\"@type\":\"EntryPoint\",\"urlTemplate\":\"https:\/\/azline.co\/it\/?s={search_term_string}\"},\"query-input\":\"required name=search_term_string\"}],\"inLanguage\":\"fr-FR\"},{\"@type\":\"Organization\",\"@id\":\"https:\/\/azline.co\/it\/#organization\",\"name\":\"AZ Line\",\"url\":\"https:\/\/azline.co\/it\/\",\"logo\":{\"@type\":\"ImageObject\",\"inLanguage\":\"fr-FR\",\"@id\":\"https:\/\/azline.co\/it\/#\/schema\/logo\/image\/\",\"url\":\"https:\/\/azline.co\/wp-content\/uploads\/2023\/05\/azline.png\",\"contentUrl\":\"https:\/\/azline.co\/wp-content\/uploads\/2023\/05\/azline.png\",\"width\":500,\"height\":500,\"caption\":\"AZ Line\"},\"image\":{\"@id\":\"https:\/\/azline.co\/it\/#\/schema\/logo\/image\/\"}}]}<\/script>\n<!-- \/ Yoast SEO plugin. -->","yoast_head_json":{"title":"Canap\u00e9 d'ext\u00e9rieur Mathieu - AZLINE","robots":{"index":"index","follow":"follow","max-snippet":"max-snippet:-1","max-image-preview":"max-image-preview:large","max-video-preview":"max-video-preview:-1"},"canonical":"https:\/\/azline.co\/fr\/produit\/mathieu\/","og_locale":"fr_FR","og_type":"article","og_title":"Canap\u00e9 d'ext\u00e9rieur Mathieu - AZLINE","og_description":"- Made in Italy - Exp\u00e9di\u00e9 dans les 7-8 semaines suivantes la r\u00e9ception de la commande","og_url":"https:\/\/azline.co\/fr\/produit\/mathieu\/","og_site_name":"AZLINE","article_modified_time":"2023-07-03T10:02:45+00:00","og_image":[{"width":1500,"height":1858,"url":"https:\/\/azline.co\/wp-content\/uploads\/2023\/04\/mathieu-1-amaral-MDO1.jpg","type":"image\/jpeg"}],"twitter_card":"summary_large_image","twitter_misc":{"Dur\u00e9e de lecture estim\u00e9e":"1 minute"},"schema":{"@context":"https:\/\/schema.org","@graph":[{"@type":"WebPage","@id":"https:\/\/azline.co\/fr\/produit\/mathieu\/","url":"https:\/\/azline.co\/fr\/produit\/mathieu\/","name":"Canap\u00e9 d'ext\u00e9rieur Mathieu - AZLINE","isPartOf":{"@id":"https:\/\/azline.co\/it\/#website"},"datePublished":"2023-04-25T19:00:32+00:00","dateModified":"2023-07-03T10:02:45+00:00","breadcrumb":{"@id":"https:\/\/azline.co\/fr\/produit\/mathieu\/#breadcrumb"},"inLanguage":"fr-FR","potentialAction":[{"@type":"ReadAction","target":["https:\/\/azline.co\/fr\/produit\/mathieu\/"]}]},{"@type":"BreadcrumbList","@id":"https:\/\/azline.co\/fr\/produit\/mathieu\/#breadcrumb","itemListElement":[{"@type":"ListItem","position":1,"name":"Home","item":"https:\/\/azline.co\/it\/"},{"@type":"ListItem","position":2,"name":"Shop","item":"https:\/\/azline.co\/it\/negozio\/"},{"@type":"ListItem","position":3,"name":"Canap\u00e9 d&#8217;ext\u00e9rieur Mathieu"}]},{"@type":"WebSite","@id":"https:\/\/azline.co\/it\/#website","url":"https:\/\/azline.co\/it\/","name":"AZ Line","description":"","publisher":{"@id":"https:\/\/azline.co\/it\/#organization"},"potentialAction":[{"@type":"SearchAction","target":{"@type":"EntryPoint","urlTemplate":"https:\/\/azline.co\/it\/?s={search_term_string}"},"query-input":"required name=search_term_string"}],"inLanguage":"fr-FR"},{"@type":"Organization","@id":"https:\/\/azline.co\/it\/#organization","name":"AZ Line","url":"https:\/\/azline.co\/it\/","logo":{"@type":"ImageObject","inLanguage":"fr-FR","@id":"https:\/\/azline.co\/it\/#\/schema\/logo\/image\/","url":"https:\/\/azline.co\/wp-content\/uploads\/2023\/05\/azline.png","contentUrl":"https:\/\/azline.co\/wp-content\/uploads\/2023\/05\/azline.png","width":500,"height":500,"caption":"AZ Line"},"image":{"@id":"https:\/\/azline.co\/it\/#\/schema\/logo\/image\/"}}]}},"_links":{"self":[{"href":"https:\/\/azline.co\/fr\/wp-json\/wp\/v2\/product\/1607","targetHints":{"allow":["GET"]}}],"collection":[{"href":"https:\/\/azline.co\/fr\/wp-json\/wp\/v2\/product"}],"about":[{"href":"https:\/\/azline.co\/fr\/wp-json\/wp\/v2\/types\/product"}],"wp:featuredmedia":[{"embeddable":true,"href":"https:\/\/azline.co\/fr\/wp-json\/wp\/v2\/media\/1126"}],"wp:attachment":[{"href":"https:\/\/azline.co\/fr\/wp-json\/wp\/v2\/media?parent=1607"}],"wp:term":[{"taxonomy":"product_cat","embeddable":true,"href":"https:\/\/azline.co\/fr\/wp-json\/wp\/v2\/product_cat?post=1607"},{"taxonomy":"product_tag","embeddable":true,"href":"https:\/\/azline.co\/fr\/wp-json\/wp\/v2\/product_tag?post=1607"}],"curies":[{"name":"wp","href":"https:\/\/api.w.org\/{rel}","templated":true}]}}