{"id":1618,"date":"2023-04-25T20:32:53","date_gmt":"2023-04-25T18:32:53","guid":{"rendered":"https:\/\/azline.co\/prodotto\/table-basse-mea-nui\/"},"modified":"2023-07-03T12:09:31","modified_gmt":"2023-07-03T10:09:31","slug":"mea-nui","status":"publish","type":"product","link":"https:\/\/azline.co\/fr\/produit\/mea-nui\/","title":{"rendered":"Table basse Mea Nui"},"content":{"rendered":"<p>Avec une esth\u00e9tique originale et reconnaissable, v\u00e9ritable hommage \u00e0 la nature, la table basse Mea Nui enti\u00e8rement en bois raconte la force de la mati\u00e8re. La fabrication de la structure s&#8217;inspire de l&#8217;art de l&#8217;\u00e9b\u00e9nisterie, un d\u00e9tail qui est bien plus qu&#8217;un choix esth\u00e9tique et qui t\u00e9moigne du soin, de l&#8217;attention et du savoir-faire de l&#8217;entreprise. Un meuble transversal, qui adopte la philosophie &#8220;<em>moins est plus<\/em>&#8221; donc inspir\u00e9 par le concept d&#8217;essentialit\u00e9.<\/p>\n","protected":false},"excerpt":{"rendered":"<p>&#8211; Made in Italy<br \/>\n&#8211; Exp\u00e9di\u00e9 dans les 7-8 semaines suivantes la r\u00e9ception de la commande<\/p>\n","protected":false},"featured_media":1183,"template":"","meta":[],"product_cat":[192,186],"product_tag":[181],"class_list":["post-1618","product","type-product","status-publish","has-post-thumbnail","hentry","product_cat-petite-table","product_cat-sejour","product_tag-petite-table","product_shipping_class-tavolini"],"acf":[],"yoast_head":"<!-- This site is optimized with the Yoast SEO plugin v20.12 - https:\/\/yoast.com\/wordpress\/plugins\/seo\/ -->\n<title>Table basse Mea Nui - AZLINE<\/title>\n<meta name=\"robots\" content=\"index, follow, max-snippet:-1, max-image-preview:large, max-video-preview:-1\" \/>\n<link rel=\"canonical\" href=\"https:\/\/azline.co\/fr\/produit\/mea-nui\/\" \/>\n<meta property=\"og:locale\" content=\"fr_FR\" \/>\n<meta property=\"og:type\" content=\"article\" \/>\n<meta property=\"og:title\" content=\"Table basse Mea Nui - AZLINE\" \/>\n<meta property=\"og:description\" content=\"- Made in Italy - Exp\u00e9di\u00e9 dans les 7-8 semaines suivantes la r\u00e9ception de la commande\" \/>\n<meta property=\"og:url\" content=\"https:\/\/azline.co\/fr\/produit\/mea-nui\/\" \/>\n<meta property=\"og:site_name\" content=\"AZLINE\" \/>\n<meta property=\"article:modified_time\" content=\"2023-07-03T10:09:31+00:00\" \/>\n<meta property=\"og:image\" content=\"https:\/\/azline.co\/wp-content\/uploads\/2023\/04\/mea-nui-1-MTC1.jpg\" \/>\n\t<meta property=\"og:image:width\" content=\"1500\" \/>\n\t<meta property=\"og:image:height\" content=\"1858\" \/>\n\t<meta property=\"og:image:type\" content=\"image\/jpeg\" \/>\n<meta name=\"twitter:card\" content=\"summary_large_image\" \/>\n<meta name=\"twitter:label1\" content=\"Dur\u00e9e de lecture estim\u00e9e\" \/>\n\t<meta name=\"twitter:data1\" content=\"1 minute\" \/>\n<script type=\"application\/ld+json\" class=\"yoast-schema-graph\">{\"@context\":\"https:\/\/schema.org\",\"@graph\":[{\"@type\":\"WebPage\",\"@id\":\"https:\/\/azline.co\/fr\/produit\/mea-nui\/\",\"url\":\"https:\/\/azline.co\/fr\/produit\/mea-nui\/\",\"name\":\"Table basse Mea Nui - AZLINE\",\"isPartOf\":{\"@id\":\"https:\/\/azline.co\/it\/#website\"},\"datePublished\":\"2023-04-25T18:32:53+00:00\",\"dateModified\":\"2023-07-03T10:09:31+00:00\",\"breadcrumb\":{\"@id\":\"https:\/\/azline.co\/fr\/produit\/mea-nui\/#breadcrumb\"},\"inLanguage\":\"fr-FR\",\"potentialAction\":[{\"@type\":\"ReadAction\",\"target\":[\"https:\/\/azline.co\/fr\/produit\/mea-nui\/\"]}]},{\"@type\":\"BreadcrumbList\",\"@id\":\"https:\/\/azline.co\/fr\/produit\/mea-nui\/#breadcrumb\",\"itemListElement\":[{\"@type\":\"ListItem\",\"position\":1,\"name\":\"Home\",\"item\":\"https:\/\/azline.co\/it\/\"},{\"@type\":\"ListItem\",\"position\":2,\"name\":\"Shop\",\"item\":\"https:\/\/azline.co\/it\/negozio\/\"},{\"@type\":\"ListItem\",\"position\":3,\"name\":\"Table basse Mea Nui\"}]},{\"@type\":\"WebSite\",\"@id\":\"https:\/\/azline.co\/it\/#website\",\"url\":\"https:\/\/azline.co\/it\/\",\"name\":\"AZ Line\",\"description\":\"\",\"publisher\":{\"@id\":\"https:\/\/azline.co\/it\/#organization\"},\"potentialAction\":[{\"@type\":\"SearchAction\",\"target\":{\"@type\":\"EntryPoint\",\"urlTemplate\":\"https:\/\/azline.co\/it\/?s={search_term_string}\"},\"query-input\":\"required name=search_term_string\"}],\"inLanguage\":\"fr-FR\"},{\"@type\":\"Organization\",\"@id\":\"https:\/\/azline.co\/it\/#organization\",\"name\":\"AZ Line\",\"url\":\"https:\/\/azline.co\/it\/\",\"logo\":{\"@type\":\"ImageObject\",\"inLanguage\":\"fr-FR\",\"@id\":\"https:\/\/azline.co\/it\/#\/schema\/logo\/image\/\",\"url\":\"https:\/\/azline.co\/wp-content\/uploads\/2023\/05\/azline.png\",\"contentUrl\":\"https:\/\/azline.co\/wp-content\/uploads\/2023\/05\/azline.png\",\"width\":500,\"height\":500,\"caption\":\"AZ Line\"},\"image\":{\"@id\":\"https:\/\/azline.co\/it\/#\/schema\/logo\/image\/\"}}]}<\/script>\n<!-- \/ Yoast SEO plugin. -->","yoast_head_json":{"title":"Table basse Mea Nui - AZLINE","robots":{"index":"index","follow":"follow","max-snippet":"max-snippet:-1","max-image-preview":"max-image-preview:large","max-video-preview":"max-video-preview:-1"},"canonical":"https:\/\/azline.co\/fr\/produit\/mea-nui\/","og_locale":"fr_FR","og_type":"article","og_title":"Table basse Mea Nui - AZLINE","og_description":"- Made in Italy - Exp\u00e9di\u00e9 dans les 7-8 semaines suivantes la r\u00e9ception de la commande","og_url":"https:\/\/azline.co\/fr\/produit\/mea-nui\/","og_site_name":"AZLINE","article_modified_time":"2023-07-03T10:09:31+00:00","og_image":[{"width":1500,"height":1858,"url":"https:\/\/azline.co\/wp-content\/uploads\/2023\/04\/mea-nui-1-MTC1.jpg","type":"image\/jpeg"}],"twitter_card":"summary_large_image","twitter_misc":{"Dur\u00e9e de lecture estim\u00e9e":"1 minute"},"schema":{"@context":"https:\/\/schema.org","@graph":[{"@type":"WebPage","@id":"https:\/\/azline.co\/fr\/produit\/mea-nui\/","url":"https:\/\/azline.co\/fr\/produit\/mea-nui\/","name":"Table basse Mea Nui - AZLINE","isPartOf":{"@id":"https:\/\/azline.co\/it\/#website"},"datePublished":"2023-04-25T18:32:53+00:00","dateModified":"2023-07-03T10:09:31+00:00","breadcrumb":{"@id":"https:\/\/azline.co\/fr\/produit\/mea-nui\/#breadcrumb"},"inLanguage":"fr-FR","potentialAction":[{"@type":"ReadAction","target":["https:\/\/azline.co\/fr\/produit\/mea-nui\/"]}]},{"@type":"BreadcrumbList","@id":"https:\/\/azline.co\/fr\/produit\/mea-nui\/#breadcrumb","itemListElement":[{"@type":"ListItem","position":1,"name":"Home","item":"https:\/\/azline.co\/it\/"},{"@type":"ListItem","position":2,"name":"Shop","item":"https:\/\/azline.co\/it\/negozio\/"},{"@type":"ListItem","position":3,"name":"Table basse Mea Nui"}]},{"@type":"WebSite","@id":"https:\/\/azline.co\/it\/#website","url":"https:\/\/azline.co\/it\/","name":"AZ Line","description":"","publisher":{"@id":"https:\/\/azline.co\/it\/#organization"},"potentialAction":[{"@type":"SearchAction","target":{"@type":"EntryPoint","urlTemplate":"https:\/\/azline.co\/it\/?s={search_term_string}"},"query-input":"required name=search_term_string"}],"inLanguage":"fr-FR"},{"@type":"Organization","@id":"https:\/\/azline.co\/it\/#organization","name":"AZ Line","url":"https:\/\/azline.co\/it\/","logo":{"@type":"ImageObject","inLanguage":"fr-FR","@id":"https:\/\/azline.co\/it\/#\/schema\/logo\/image\/","url":"https:\/\/azline.co\/wp-content\/uploads\/2023\/05\/azline.png","contentUrl":"https:\/\/azline.co\/wp-content\/uploads\/2023\/05\/azline.png","width":500,"height":500,"caption":"AZ Line"},"image":{"@id":"https:\/\/azline.co\/it\/#\/schema\/logo\/image\/"}}]}},"_links":{"self":[{"href":"https:\/\/azline.co\/fr\/wp-json\/wp\/v2\/product\/1618","targetHints":{"allow":["GET"]}}],"collection":[{"href":"https:\/\/azline.co\/fr\/wp-json\/wp\/v2\/product"}],"about":[{"href":"https:\/\/azline.co\/fr\/wp-json\/wp\/v2\/types\/product"}],"wp:featuredmedia":[{"embeddable":true,"href":"https:\/\/azline.co\/fr\/wp-json\/wp\/v2\/media\/1183"}],"wp:attachment":[{"href":"https:\/\/azline.co\/fr\/wp-json\/wp\/v2\/media?parent=1618"}],"wp:term":[{"taxonomy":"product_cat","embeddable":true,"href":"https:\/\/azline.co\/fr\/wp-json\/wp\/v2\/product_cat?post=1618"},{"taxonomy":"product_tag","embeddable":true,"href":"https:\/\/azline.co\/fr\/wp-json\/wp\/v2\/product_tag?post=1618"}],"curies":[{"name":"wp","href":"https:\/\/api.w.org\/{rel}","templated":true}]}}