{"id":1641,"date":"2023-04-25T19:53:11","date_gmt":"2023-04-25T17:53:11","guid":{"rendered":"https:\/\/azline.co\/prodotto\/fauteuil-nova\/"},"modified":"2023-07-19T12:05:18","modified_gmt":"2023-07-19T10:05:18","slug":"nova","status":"publish","type":"product","link":"https:\/\/azline.co\/fr\/produit\/nova\/","title":{"rendered":"Fauteuil Nova"},"content":{"rendered":"<p>Un langage moderne \u00e9l\u00e9gant avec une touche innovante, le fauteuil Nova est synonyme de design capable d&#8217;enrichir harmonieusement l&#8217;environnement dans lequel il est plac\u00e9. Le design essentiel de la structure met l&#8217;accent sur le naturel du bois massif et il se combine avec une attention au confort; en effet, l&#8217;assise et le dossier sont compl\u00e9t\u00e9s par un rembourrage moelleux \u00e0 densit\u00e9 variable. Nova s&#8217;abille en noyer Canaletto et en tissus pr\u00e9cieux de Dedar Milano.<\/p>\n","protected":false},"excerpt":{"rendered":"<p>&#8211; Made in Italy<br \/>\n&#8211; Exp\u00e9di\u00e9 dans les 7-8 semaines suivantes la r\u00e9ception de la commande<\/p>\n","protected":false},"featured_media":1204,"template":"","meta":[],"product_cat":[200,186],"product_tag":[184],"class_list":["post-1641","product","type-product","status-publish","has-post-thumbnail","hentry","product_cat-fauteuil","product_cat-sejour","product_tag-fauteuil","product_shipping_class-poltrone"],"acf":[],"yoast_head":"<!-- This site is optimized with the Yoast SEO plugin v20.12 - https:\/\/yoast.com\/wordpress\/plugins\/seo\/ -->\n<title>Fauteuil Nova - AZLINE<\/title>\n<meta name=\"robots\" content=\"index, follow, max-snippet:-1, max-image-preview:large, max-video-preview:-1\" \/>\n<link rel=\"canonical\" href=\"https:\/\/azline.co\/fr\/produit\/nova\/\" \/>\n<meta property=\"og:locale\" content=\"fr_FR\" \/>\n<meta property=\"og:type\" content=\"article\" \/>\n<meta property=\"og:title\" content=\"Fauteuil Nova - AZLINE\" \/>\n<meta property=\"og:description\" content=\"- Made in Italy - Exp\u00e9di\u00e9 dans les 7-8 semaines suivantes la r\u00e9ception de la commande\" \/>\n<meta property=\"og:url\" content=\"https:\/\/azline.co\/fr\/produit\/nova\/\" \/>\n<meta property=\"og:site_name\" content=\"AZLINE\" \/>\n<meta property=\"article:modified_time\" content=\"2023-07-19T10:05:18+00:00\" \/>\n<meta property=\"og:image\" content=\"https:\/\/azline.co\/wp-content\/uploads\/2023\/04\/nova-1-karakorum-NPO1.jpg\" \/>\n\t<meta property=\"og:image:width\" content=\"1500\" \/>\n\t<meta property=\"og:image:height\" content=\"1858\" \/>\n\t<meta property=\"og:image:type\" content=\"image\/jpeg\" \/>\n<meta name=\"twitter:card\" content=\"summary_large_image\" \/>\n<meta name=\"twitter:label1\" content=\"Dur\u00e9e de lecture estim\u00e9e\" \/>\n\t<meta name=\"twitter:data1\" content=\"1 minute\" \/>\n<script type=\"application\/ld+json\" class=\"yoast-schema-graph\">{\"@context\":\"https:\/\/schema.org\",\"@graph\":[{\"@type\":\"WebPage\",\"@id\":\"https:\/\/azline.co\/fr\/produit\/nova\/\",\"url\":\"https:\/\/azline.co\/fr\/produit\/nova\/\",\"name\":\"Fauteuil Nova - AZLINE\",\"isPartOf\":{\"@id\":\"https:\/\/azline.co\/it\/#website\"},\"datePublished\":\"2023-04-25T17:53:11+00:00\",\"dateModified\":\"2023-07-19T10:05:18+00:00\",\"breadcrumb\":{\"@id\":\"https:\/\/azline.co\/fr\/produit\/nova\/#breadcrumb\"},\"inLanguage\":\"fr-FR\",\"potentialAction\":[{\"@type\":\"ReadAction\",\"target\":[\"https:\/\/azline.co\/fr\/produit\/nova\/\"]}]},{\"@type\":\"BreadcrumbList\",\"@id\":\"https:\/\/azline.co\/fr\/produit\/nova\/#breadcrumb\",\"itemListElement\":[{\"@type\":\"ListItem\",\"position\":1,\"name\":\"Home\",\"item\":\"https:\/\/azline.co\/it\/\"},{\"@type\":\"ListItem\",\"position\":2,\"name\":\"Shop\",\"item\":\"https:\/\/azline.co\/it\/negozio\/\"},{\"@type\":\"ListItem\",\"position\":3,\"name\":\"Fauteuil Nova\"}]},{\"@type\":\"WebSite\",\"@id\":\"https:\/\/azline.co\/it\/#website\",\"url\":\"https:\/\/azline.co\/it\/\",\"name\":\"AZ Line\",\"description\":\"\",\"publisher\":{\"@id\":\"https:\/\/azline.co\/it\/#organization\"},\"potentialAction\":[{\"@type\":\"SearchAction\",\"target\":{\"@type\":\"EntryPoint\",\"urlTemplate\":\"https:\/\/azline.co\/it\/?s={search_term_string}\"},\"query-input\":\"required name=search_term_string\"}],\"inLanguage\":\"fr-FR\"},{\"@type\":\"Organization\",\"@id\":\"https:\/\/azline.co\/it\/#organization\",\"name\":\"AZ Line\",\"url\":\"https:\/\/azline.co\/it\/\",\"logo\":{\"@type\":\"ImageObject\",\"inLanguage\":\"fr-FR\",\"@id\":\"https:\/\/azline.co\/it\/#\/schema\/logo\/image\/\",\"url\":\"https:\/\/azline.co\/wp-content\/uploads\/2023\/05\/azline.png\",\"contentUrl\":\"https:\/\/azline.co\/wp-content\/uploads\/2023\/05\/azline.png\",\"width\":500,\"height\":500,\"caption\":\"AZ Line\"},\"image\":{\"@id\":\"https:\/\/azline.co\/it\/#\/schema\/logo\/image\/\"}}]}<\/script>\n<!-- \/ Yoast SEO plugin. -->","yoast_head_json":{"title":"Fauteuil Nova - AZLINE","robots":{"index":"index","follow":"follow","max-snippet":"max-snippet:-1","max-image-preview":"max-image-preview:large","max-video-preview":"max-video-preview:-1"},"canonical":"https:\/\/azline.co\/fr\/produit\/nova\/","og_locale":"fr_FR","og_type":"article","og_title":"Fauteuil Nova - AZLINE","og_description":"- Made in Italy - Exp\u00e9di\u00e9 dans les 7-8 semaines suivantes la r\u00e9ception de la commande","og_url":"https:\/\/azline.co\/fr\/produit\/nova\/","og_site_name":"AZLINE","article_modified_time":"2023-07-19T10:05:18+00:00","og_image":[{"width":1500,"height":1858,"url":"https:\/\/azline.co\/wp-content\/uploads\/2023\/04\/nova-1-karakorum-NPO1.jpg","type":"image\/jpeg"}],"twitter_card":"summary_large_image","twitter_misc":{"Dur\u00e9e de lecture estim\u00e9e":"1 minute"},"schema":{"@context":"https:\/\/schema.org","@graph":[{"@type":"WebPage","@id":"https:\/\/azline.co\/fr\/produit\/nova\/","url":"https:\/\/azline.co\/fr\/produit\/nova\/","name":"Fauteuil Nova - AZLINE","isPartOf":{"@id":"https:\/\/azline.co\/it\/#website"},"datePublished":"2023-04-25T17:53:11+00:00","dateModified":"2023-07-19T10:05:18+00:00","breadcrumb":{"@id":"https:\/\/azline.co\/fr\/produit\/nova\/#breadcrumb"},"inLanguage":"fr-FR","potentialAction":[{"@type":"ReadAction","target":["https:\/\/azline.co\/fr\/produit\/nova\/"]}]},{"@type":"BreadcrumbList","@id":"https:\/\/azline.co\/fr\/produit\/nova\/#breadcrumb","itemListElement":[{"@type":"ListItem","position":1,"name":"Home","item":"https:\/\/azline.co\/it\/"},{"@type":"ListItem","position":2,"name":"Shop","item":"https:\/\/azline.co\/it\/negozio\/"},{"@type":"ListItem","position":3,"name":"Fauteuil Nova"}]},{"@type":"WebSite","@id":"https:\/\/azline.co\/it\/#website","url":"https:\/\/azline.co\/it\/","name":"AZ Line","description":"","publisher":{"@id":"https:\/\/azline.co\/it\/#organization"},"potentialAction":[{"@type":"SearchAction","target":{"@type":"EntryPoint","urlTemplate":"https:\/\/azline.co\/it\/?s={search_term_string}"},"query-input":"required name=search_term_string"}],"inLanguage":"fr-FR"},{"@type":"Organization","@id":"https:\/\/azline.co\/it\/#organization","name":"AZ Line","url":"https:\/\/azline.co\/it\/","logo":{"@type":"ImageObject","inLanguage":"fr-FR","@id":"https:\/\/azline.co\/it\/#\/schema\/logo\/image\/","url":"https:\/\/azline.co\/wp-content\/uploads\/2023\/05\/azline.png","contentUrl":"https:\/\/azline.co\/wp-content\/uploads\/2023\/05\/azline.png","width":500,"height":500,"caption":"AZ Line"},"image":{"@id":"https:\/\/azline.co\/it\/#\/schema\/logo\/image\/"}}]}},"_links":{"self":[{"href":"https:\/\/azline.co\/fr\/wp-json\/wp\/v2\/product\/1641","targetHints":{"allow":["GET"]}}],"collection":[{"href":"https:\/\/azline.co\/fr\/wp-json\/wp\/v2\/product"}],"about":[{"href":"https:\/\/azline.co\/fr\/wp-json\/wp\/v2\/types\/product"}],"wp:featuredmedia":[{"embeddable":true,"href":"https:\/\/azline.co\/fr\/wp-json\/wp\/v2\/media\/1204"}],"wp:attachment":[{"href":"https:\/\/azline.co\/fr\/wp-json\/wp\/v2\/media?parent=1641"}],"wp:term":[{"taxonomy":"product_cat","embeddable":true,"href":"https:\/\/azline.co\/fr\/wp-json\/wp\/v2\/product_cat?post=1641"},{"taxonomy":"product_tag","embeddable":true,"href":"https:\/\/azline.co\/fr\/wp-json\/wp\/v2\/product_tag?post=1641"}],"curies":[{"name":"wp","href":"https:\/\/api.w.org\/{rel}","templated":true}]}}