{"id":1768,"date":"2023-06-22T11:33:58","date_gmt":"2023-06-22T09:33:58","guid":{"rendered":"https:\/\/azline.co\/?page_id=1768"},"modified":"2023-08-04T10:03:44","modified_gmt":"2023-08-04T08:03:44","slug":"diritto-recesso","status":"publish","type":"page","link":"https:\/\/azline.co\/it\/diritto-recesso\/","title":{"rendered":"Diritto di recesso"},"content":{"rendered":"\t\t<div data-elementor-type=\"wp-page\" data-elementor-id=\"1768\" class=\"elementor elementor-1768\">\n\t\t\t\t\t\t\t\t\t<section class=\"elementor-section elementor-top-section elementor-element elementor-element-e862226 elementor-section-boxed elementor-section-height-default elementor-section-height-default\" data-id=\"e862226\" data-element_type=\"section\">\n\t\t\t\t\t\t<div class=\"elementor-container elementor-column-gap-default\">\n\t\t\t\t\t<div class=\"elementor-column elementor-col-100 elementor-top-column elementor-element elementor-element-ab1de0f\" data-id=\"ab1de0f\" data-element_type=\"column\">\n\t\t\t<div class=\"elementor-widget-wrap elementor-element-populated\">\n\t\t\t\t\t\t\t\t<div class=\"elementor-element elementor-element-22783e5 elementor-widget elementor-widget-spacer\" data-id=\"22783e5\" data-element_type=\"widget\" data-widget_type=\"spacer.default\">\n\t\t\t\t<div class=\"elementor-widget-container\">\n\t\t\t<style>\/*! elementor - v3.14.0 - 26-06-2023 *\/\n.elementor-column .elementor-spacer-inner{height:var(--spacer-size)}.e-con{--container-widget-width:100%}.e-con-inner>.elementor-widget-spacer,.e-con>.elementor-widget-spacer{width:var(--container-widget-width,var(--spacer-size));--align-self:var(--container-widget-align-self,initial);--flex-shrink:0}.e-con-inner>.elementor-widget-spacer>.elementor-widget-container,.e-con-inner>.elementor-widget-spacer>.elementor-widget-container>.elementor-spacer,.e-con>.elementor-widget-spacer>.elementor-widget-container,.e-con>.elementor-widget-spacer>.elementor-widget-container>.elementor-spacer{height:100%}.e-con-inner>.elementor-widget-spacer>.elementor-widget-container>.elementor-spacer>.elementor-spacer-inner,.e-con>.elementor-widget-spacer>.elementor-widget-container>.elementor-spacer>.elementor-spacer-inner{height:var(--container-widget-height,var(--spacer-size))}<\/style>\t\t<div class=\"elementor-spacer\">\n\t\t\t<div class=\"elementor-spacer-inner\"><\/div>\n\t\t<\/div>\n\t\t\t\t<\/div>\n\t\t\t\t<\/div>\n\t\t\t\t<div class=\"elementor-element elementor-element-cfa71f5 elementor-widget elementor-widget-text-editor\" data-id=\"cfa71f5\" data-element_type=\"widget\" data-widget_type=\"text-editor.default\">\n\t\t\t\t<div class=\"elementor-widget-container\">\n\t\t\t<style>\/*! elementor - v3.14.0 - 26-06-2023 *\/\n.elementor-widget-text-editor.elementor-drop-cap-view-stacked .elementor-drop-cap{background-color:#69727d;color:#fff}.elementor-widget-text-editor.elementor-drop-cap-view-framed .elementor-drop-cap{color:#69727d;border:3px solid;background-color:transparent}.elementor-widget-text-editor:not(.elementor-drop-cap-view-default) .elementor-drop-cap{margin-top:8px}.elementor-widget-text-editor:not(.elementor-drop-cap-view-default) .elementor-drop-cap-letter{width:1em;height:1em}.elementor-widget-text-editor .elementor-drop-cap{float:left;text-align:center;line-height:1;font-size:50px}.elementor-widget-text-editor .elementor-drop-cap-letter{display:inline-block}<\/style>\t\t\t\t<p><span style=\"text-decoration: underline;\"><strong>Istruzioni tipo sul recesso ai sensi dell\u2019art. 49, comma 4 d.lgs. 21\/2014<\/strong><\/span><\/p><p>Estratto dalle \u201cCondizioni generali di vendita\u201d del Sito <a href=\"\/it\/condizioni-generali-di-vendita\/\" target=\"_blank\" rel=\"noopener\">www.azline.co<\/a> cui si rimanda integralmente.<\/p><p><strong>Art. 9 &#8211; DIRITTO DI RECESSO E POLITICA DEI RESI<\/strong><\/p><p><strong>9.1.<\/strong> Ai sensi degli artt. 52 e ss. del D.Lgs. n. 206\/2005, l\u2019Acquirente pu\u00f2 esercitare il diritto di recesso dichiarando espressamente la sua intenzione (non serve indicare la motivazione) e restituendo il bene ricevuto nel proprio originale imballaggio, completo di tutti i documenti ed ottenendo il rimborso del prezzo pagato.<\/p><p><strong>9.2.<\/strong> L\u2019Acquirente che, per qualsiasi ragione, non si ritenesse soddisfatto dell\u2019acquisto effettuato, ha diritto di recedere dal contratto, senza alcuna penalit\u00e0 e senza specificarne il motivo, entro il termine di 14 (quattrodici) giorni solari decorrenti dal giorno del ricevimento della merce acquistata (costituisce piena prova la data riportata sul documento di consegna). Nel caso di consegna separata di pi\u00f9 beni, ordinati dal Cliente Consumatore con un solo ordine, il termine di 14 (quattrodici) giorni per l\u2019esercizio del diritto di recesso decorre dal giorno in cui \u00e8 consegnato l\u2019ultimo bene. Il diritto di recesso dovr\u00e0 essere esercitato nel rispetto delle condizioni inderogabili stabilite da AZLINE.<\/p><p><strong>MODALIT\u00c0 DI ESERCIZIO DEL RECESSO<\/strong><\/p><p><strong>9.3.<\/strong> Per esercitare il diritto di recesso l\u2019Acquirente dovr\u00e0:<\/p><ol><li>entro il termine di 14 (quattordici) giorni solari decorrenti dal giorno del ricevimento del bene acquistato o, in caso di pi\u00f9 ordini, dell\u2019ultimo bene ricevuto), inviare una apposita comunicazione all\u2019indirizzo info@azline.co utilizzando il seguente <span style=\"text-decoration: underline;\"><strong><a href=\"\/wp-content\/uploads\/2023\/08\/AZLINE_Modulo-di-Recesso-ITA.pdf\" target=\"_blank\" rel=\"noopener\">MODULO<\/a><\/strong><\/span>. Le comunicazioni di recesso inviate con modalit\u00e0 differenti dovranno contenere le stesse informazioni indicate in predetto modulo (dati anagrafici del cliente, dati di contatto, indicazione del bene o dei beni da restituire, numero e data dell\u2019ordine, data di ricezione del bene o dei beni acquistati).<\/li><li>entro il termine di 14 (quattordici) giorni solari decorrenti dalla data di comunicazione del recesso, spedire il prodotto acquistato al Venditore in conformit\u00e0 al presente articolo.<\/li><\/ol><p><strong>COSTI CHE DEVE SOSTENERE IL CLIENTE<\/strong><\/p><p><strong>9.4.<\/strong> Tutti i costi di riconsegna dei prodotti sono a carico dell\u2019Acquirente il quale, direttamente o tramite altro mezzo, provveder\u00e0 alla consegna dei medesimi presso:<\/p><p><strong>AZLINE &#8211; Via alla Ferrovia 33, 33080 Porcia (PN) \u2013 Italia<\/strong>.<\/p><p>Tutti gli articoli dovranno pervenire nelle medesime condizioni di ricezione, provvisti degli imballi originali, degli accessori e di tutti i documenti che facciano parte della confezione e dell\u2019originario imballaggio; non \u00e8 consentito il reinvio della merce con altra modalit\u00e0. Il Cliente risponde unicamente della diminuzione di valore risultante da una manipolazione diversa da quella \u201cnormale\u201d e necessaria per verificare la natura, le caratteristiche e il funzionamento del bene. Riguardo lo stato dei beni, essi devono risultare in un normale stato di conservazione, senza evidenti segni di uso che ne diminuiscano il valore e ne impediscano la rivendita: non verranno quindi accettati prodotti utilizzati, che riportino segni di uso diverso da quello richiesto dalle caratteristiche e dalla natura dello stesso, danneggiamento o sporcizia.<\/p><p><strong>EFFETTI DEL RECESSO<\/strong><\/p><p><strong>9.5.<\/strong> AZLINE accetter\u00e0 la merce resa riservandosi di constatare che i prodotti siano stati riconsegnati nello stato d\u2019origine, senza segni di usura e con tutti gli imballi, accessori e documenti originali; solo in tal caso provveder\u00e0 al riaccredito, entro 14 (quattordici) giorni dal giorno in cui \u00e8 informato del recesso, dell\u2019importo versato dall\u2019Acquirente per l\u2019acquisto dei prodotti o al diverso importo nel caso di diminuzione del valore del bene di cui all\u2019art. 9.4. Il Venditore si riserva il diritto di trattenere il rimborso finch\u00e9 non abbia ricevuto i Prodotti oggetto del diritto di recesso. Qualora invece non siano rispettati le modalit\u00e0, le condizioni ed i termini per l&#8217;esercizio del diritto di recesso, come specificato in questo articolo, l\u2019Acquirente non avr\u00e0 diritto al rimborso delle somme gi\u00e0 versate. In tal caso, l\u2019Acquirente potr\u00e0 riottenere, a sue spese, il Prodotto nello stato in cui \u00e8 stato restituito al Venditore. In caso contrario, AZLINE potr\u00e0 trattenere i Prodotti restituiti, oltre a tutte le somme gi\u00e0 corrisposte dall\u2019Acquirente per il relativo acquisto. Le spese di spedizione e trasporto, oltre le eventuali imposte e dazi doganali, sono poste a carico dell\u2019Acquirente.<\/p><p><strong>9.6.<\/strong> Ai sensi dell\u2019art. 59, I comma lett. c), d) ed e) del Codice del Consumo, il diritto di recesso \u00e8 escluso nel caso in cui la vendita abbia ad oggetto Prodotti confezionati su misura o personalizzati (indicati nel carrello e\/o nell\u2019email di conferma con la dicitura \u201cPersonalizzato\u201d) o che per loro natura non possono essere rispediti o rischiano di deteriorarsi o alterarsi rapidamente.<\/p><p><strong>RESO DA CLIENTI ESTERI &#8211; RETURN FOR INTERNATIONAL CUSTOMERS<\/strong><\/p><p>I clienti esteri hanno diritto al recesso entro 14 giorni dal ricevimento della merce. La spedizione di reso \u00e8 a carico del cliente ed ogni costo di sdoganamento (per i clienti residenti al di fuori dell&#8217;Unione Europea) eventualmente anticipato dal Venditore sar\u00e0 detratto dal rimborso finale. Se necessitate maggiori informazioni contattateci via e-mail: info@azline.co.<\/p>\t\t\t\t\t\t<\/div>\n\t\t\t\t<\/div>\n\t\t\t\t\t<\/div>\n\t\t<\/div>\n\t\t\t\t\t\t\t<\/div>\n\t\t<\/section>\n\t\t\t\t\t\t\t<\/div>\n\t\t","protected":false},"excerpt":{"rendered":"<p>Istruzioni tipo sul recesso ai sensi dell\u2019art. 49, comma 4 d.lgs. 21\/2014 Estratto dalle \u201cCondizioni generali di vendita\u201d del Sito www.azline.co cui si rimanda integralmente. Art. 9 &#8211; DIRITTO DI RECESSO E POLITICA DEI RESI 9.1. Ai sensi degli artt. 52 e ss. del D.Lgs. n. 206\/2005, l\u2019Acquirente pu\u00f2 esercitare il diritto di recesso dichiarando [&hellip;]<\/p>\n","protected":false},"author":2,"featured_media":0,"parent":0,"menu_order":99,"comment_status":"closed","ping_status":"closed","template":"","meta":{"footnotes":""},"class_list":["post-1768","page","type-page","status-publish","hentry"],"acf":[],"yoast_head":"<!-- This site is optimized with the Yoast SEO plugin v20.12 - https:\/\/yoast.com\/wordpress\/plugins\/seo\/ -->\n<title>Diritto di recesso - AZLINE<\/title>\n<meta name=\"robots\" content=\"index, follow, max-snippet:-1, max-image-preview:large, max-video-preview:-1\" \/>\n<link rel=\"canonical\" href=\"https:\/\/azline.co\/it\/diritto-recesso\/\" \/>\n<meta property=\"og:locale\" content=\"it_IT\" \/>\n<meta property=\"og:type\" content=\"article\" \/>\n<meta property=\"og:title\" content=\"Diritto di recesso - AZLINE\" \/>\n<meta property=\"og:description\" content=\"Istruzioni tipo sul recesso ai sensi dell\u2019art. 49, comma 4 d.lgs. 21\/2014 Estratto dalle \u201cCondizioni generali di vendita\u201d del Sito www.azline.co cui si rimanda integralmente. Art. 9 &#8211; DIRITTO DI RECESSO E POLITICA DEI RESI 9.1. Ai sensi degli artt. 52 e ss. del D.Lgs. n. 206\/2005, l\u2019Acquirente pu\u00f2 esercitare il diritto di recesso dichiarando [&hellip;]\" \/>\n<meta property=\"og:url\" content=\"https:\/\/azline.co\/it\/diritto-recesso\/\" \/>\n<meta property=\"og:site_name\" content=\"AZLINE\" \/>\n<meta property=\"article:modified_time\" content=\"2023-08-04T08:03:44+00:00\" \/>\n<meta property=\"og:image\" content=\"https:\/\/azline.co\/wp-content\/uploads\/2023\/05\/azline.png\" \/>\n\t<meta property=\"og:image:width\" content=\"500\" \/>\n\t<meta property=\"og:image:height\" content=\"500\" \/>\n\t<meta property=\"og:image:type\" content=\"image\/png\" \/>\n<meta name=\"twitter:card\" content=\"summary_large_image\" \/>\n<meta name=\"twitter:label1\" content=\"Tempo di lettura stimato\" \/>\n\t<meta name=\"twitter:data1\" content=\"5 minuti\" \/>\n<script type=\"application\/ld+json\" class=\"yoast-schema-graph\">{\"@context\":\"https:\/\/schema.org\",\"@graph\":[{\"@type\":\"WebPage\",\"@id\":\"https:\/\/azline.co\/it\/diritto-recesso\/\",\"url\":\"https:\/\/azline.co\/it\/diritto-recesso\/\",\"name\":\"Diritto di recesso - AZLINE\",\"isPartOf\":{\"@id\":\"https:\/\/azline.co\/it\/#website\"},\"datePublished\":\"2023-06-22T09:33:58+00:00\",\"dateModified\":\"2023-08-04T08:03:44+00:00\",\"breadcrumb\":{\"@id\":\"https:\/\/azline.co\/it\/diritto-recesso\/#breadcrumb\"},\"inLanguage\":\"it-IT\",\"potentialAction\":[{\"@type\":\"ReadAction\",\"target\":[\"https:\/\/azline.co\/it\/diritto-recesso\/\"]}]},{\"@type\":\"BreadcrumbList\",\"@id\":\"https:\/\/azline.co\/it\/diritto-recesso\/#breadcrumb\",\"itemListElement\":[{\"@type\":\"ListItem\",\"position\":1,\"name\":\"Home\",\"item\":\"https:\/\/azline.co\/it\/\"},{\"@type\":\"ListItem\",\"position\":2,\"name\":\"Diritto di recesso\"}]},{\"@type\":\"WebSite\",\"@id\":\"https:\/\/azline.co\/it\/#website\",\"url\":\"https:\/\/azline.co\/it\/\",\"name\":\"AZ Line\",\"description\":\"\",\"publisher\":{\"@id\":\"https:\/\/azline.co\/it\/#organization\"},\"potentialAction\":[{\"@type\":\"SearchAction\",\"target\":{\"@type\":\"EntryPoint\",\"urlTemplate\":\"https:\/\/azline.co\/it\/?s={search_term_string}\"},\"query-input\":\"required name=search_term_string\"}],\"inLanguage\":\"it-IT\"},{\"@type\":\"Organization\",\"@id\":\"https:\/\/azline.co\/it\/#organization\",\"name\":\"AZ Line\",\"url\":\"https:\/\/azline.co\/it\/\",\"logo\":{\"@type\":\"ImageObject\",\"inLanguage\":\"it-IT\",\"@id\":\"https:\/\/azline.co\/it\/#\/schema\/logo\/image\/\",\"url\":\"https:\/\/azline.co\/wp-content\/uploads\/2023\/05\/azline.png\",\"contentUrl\":\"https:\/\/azline.co\/wp-content\/uploads\/2023\/05\/azline.png\",\"width\":500,\"height\":500,\"caption\":\"AZ Line\"},\"image\":{\"@id\":\"https:\/\/azline.co\/it\/#\/schema\/logo\/image\/\"}}]}<\/script>\n<!-- \/ Yoast SEO plugin. -->","yoast_head_json":{"title":"Diritto di recesso - AZLINE","robots":{"index":"index","follow":"follow","max-snippet":"max-snippet:-1","max-image-preview":"max-image-preview:large","max-video-preview":"max-video-preview:-1"},"canonical":"https:\/\/azline.co\/it\/diritto-recesso\/","og_locale":"it_IT","og_type":"article","og_title":"Diritto di recesso - AZLINE","og_description":"Istruzioni tipo sul recesso ai sensi dell\u2019art. 49, comma 4 d.lgs. 21\/2014 Estratto dalle \u201cCondizioni generali di vendita\u201d del Sito www.azline.co cui si rimanda integralmente. Art. 9 &#8211; DIRITTO DI RECESSO E POLITICA DEI RESI 9.1. Ai sensi degli artt. 52 e ss. del D.Lgs. n. 206\/2005, l\u2019Acquirente pu\u00f2 esercitare il diritto di recesso dichiarando [&hellip;]","og_url":"https:\/\/azline.co\/it\/diritto-recesso\/","og_site_name":"AZLINE","article_modified_time":"2023-08-04T08:03:44+00:00","og_image":[{"width":500,"height":500,"url":"https:\/\/azline.co\/wp-content\/uploads\/2023\/05\/azline.png","type":"image\/png"}],"twitter_card":"summary_large_image","twitter_misc":{"Tempo di lettura stimato":"5 minuti"},"schema":{"@context":"https:\/\/schema.org","@graph":[{"@type":"WebPage","@id":"https:\/\/azline.co\/it\/diritto-recesso\/","url":"https:\/\/azline.co\/it\/diritto-recesso\/","name":"Diritto di recesso - AZLINE","isPartOf":{"@id":"https:\/\/azline.co\/it\/#website"},"datePublished":"2023-06-22T09:33:58+00:00","dateModified":"2023-08-04T08:03:44+00:00","breadcrumb":{"@id":"https:\/\/azline.co\/it\/diritto-recesso\/#breadcrumb"},"inLanguage":"it-IT","potentialAction":[{"@type":"ReadAction","target":["https:\/\/azline.co\/it\/diritto-recesso\/"]}]},{"@type":"BreadcrumbList","@id":"https:\/\/azline.co\/it\/diritto-recesso\/#breadcrumb","itemListElement":[{"@type":"ListItem","position":1,"name":"Home","item":"https:\/\/azline.co\/it\/"},{"@type":"ListItem","position":2,"name":"Diritto di recesso"}]},{"@type":"WebSite","@id":"https:\/\/azline.co\/it\/#website","url":"https:\/\/azline.co\/it\/","name":"AZ Line","description":"","publisher":{"@id":"https:\/\/azline.co\/it\/#organization"},"potentialAction":[{"@type":"SearchAction","target":{"@type":"EntryPoint","urlTemplate":"https:\/\/azline.co\/it\/?s={search_term_string}"},"query-input":"required name=search_term_string"}],"inLanguage":"it-IT"},{"@type":"Organization","@id":"https:\/\/azline.co\/it\/#organization","name":"AZ Line","url":"https:\/\/azline.co\/it\/","logo":{"@type":"ImageObject","inLanguage":"it-IT","@id":"https:\/\/azline.co\/it\/#\/schema\/logo\/image\/","url":"https:\/\/azline.co\/wp-content\/uploads\/2023\/05\/azline.png","contentUrl":"https:\/\/azline.co\/wp-content\/uploads\/2023\/05\/azline.png","width":500,"height":500,"caption":"AZ Line"},"image":{"@id":"https:\/\/azline.co\/it\/#\/schema\/logo\/image\/"}}]}},"_links":{"self":[{"href":"https:\/\/azline.co\/it\/wp-json\/wp\/v2\/pages\/1768","targetHints":{"allow":["GET"]}}],"collection":[{"href":"https:\/\/azline.co\/it\/wp-json\/wp\/v2\/pages"}],"about":[{"href":"https:\/\/azline.co\/it\/wp-json\/wp\/v2\/types\/page"}],"author":[{"embeddable":true,"href":"https:\/\/azline.co\/it\/wp-json\/wp\/v2\/users\/2"}],"replies":[{"embeddable":true,"href":"https:\/\/azline.co\/it\/wp-json\/wp\/v2\/comments?post=1768"}],"version-history":[{"count":31,"href":"https:\/\/azline.co\/it\/wp-json\/wp\/v2\/pages\/1768\/revisions"}],"predecessor-version":[{"id":2363,"href":"https:\/\/azline.co\/it\/wp-json\/wp\/v2\/pages\/1768\/revisions\/2363"}],"wp:attachment":[{"href":"https:\/\/azline.co\/it\/wp-json\/wp\/v2\/media?parent=1768"}],"curies":[{"name":"wp","href":"https:\/\/api.w.org\/{rel}","templated":true}]}}